{"id":11,"date":"2023-04-17T16:04:22","date_gmt":"2023-04-17T16:04:22","guid":{"rendered":"https:\/\/watermassage.webdev.is\/?page_id=11"},"modified":"2025-04-29T16:24:12","modified_gmt":"2025-04-29T16:24:12","slug":"about-us","status":"publish","type":"page","link":"https:\/\/watermassage.webdev.is\/is\/about-us\/","title":{"rendered":"Um okkur"},"content":{"rendered":"<div data-elementor-type=\"wp-page\" data-elementor-id=\"11\" class=\"elementor elementor-11\">\n\t\t\t\t\t\t<section class=\"elementor-section elementor-top-section elementor-element elementor-element-453d6fc9 elementor-section-stretched elementor-section-full_width elementor-section-height-min-height elementor-section-content-middle elementor-section-height-default elementor-section-items-middle\" data-id=\"453d6fc9\" data-element_type=\"section\" data-settings=\"{&quot;background_background&quot;:&quot;classic&quot;,&quot;stretch_section&quot;:&quot;section-stretched&quot;}\">\n\t\t\t\t\t\t\t<div class=\"elementor-background-overlay\"><\/div>\n\t\t\t\t\t\t\t<div class=\"elementor-container elementor-column-gap-default\">\n\t\t\t\t\t<div class=\"elementor-column elementor-col-100 elementor-top-column elementor-element elementor-element-b7392bb\" data-id=\"b7392bb\" data-element_type=\"column\">\n\t\t\t<div class=\"elementor-widget-wrap elementor-element-populated\">\n\t\t\t\t\t\t<div class=\"elementor-element elementor-element-2f807f7a elementor-widget elementor-widget-heading\" data-id=\"2f807f7a\" data-element_type=\"widget\" data-widget_type=\"heading.default\">\n\t\t\t\t<div class=\"elementor-widget-container\">\n\t\t\t\t\t<h1 class=\"elementor-heading-title elementor-size-default\">margra \u00e1ra<br>reynsla<\/h1>\t\t\t\t<\/div>\n\t\t\t\t<\/div>\n\t\t\t\t\t<\/div>\n\t\t<\/div>\n\t\t\t\t\t<\/div>\n\t\t<\/section>\n\t\t\t\t<section class=\"elementor-section elementor-top-section elementor-element elementor-element-76b1be95 elementor-section-boxed elementor-section-height-default elementor-section-height-default\" data-id=\"76b1be95\" data-element_type=\"section\" data-settings=\"{&quot;background_background&quot;:&quot;classic&quot;}\">\n\t\t\t\t\t\t<div class=\"elementor-container elementor-column-gap-default\">\n\t\t\t\t\t<div class=\"elementor-column elementor-col-100 elementor-top-column elementor-element elementor-element-71b4afd5\" data-id=\"71b4afd5\" data-element_type=\"column\">\n\t\t\t<div class=\"elementor-widget-wrap elementor-element-populated\">\n\t\t\t\t\t\t<div class=\"elementor-element elementor-element-64b78326 elementor-invisible elementor-widget elementor-widget-heading\" data-id=\"64b78326\" data-element_type=\"widget\" data-settings=\"{&quot;_animation&quot;:&quot;fadeInDown&quot;}\" data-widget_type=\"heading.default\">\n\t\t\t\t<div class=\"elementor-widget-container\">\n\t\t\t\t\t<h6 class=\"elementor-heading-title elementor-size-default\">Af hverju a\u00f0 velja vatnsnudd<\/h6>\t\t\t\t<\/div>\n\t\t\t\t<\/div>\n\t\t\t\t<section class=\"elementor-section elementor-inner-section elementor-element elementor-element-7cc1132c elementor-section-boxed elementor-section-height-default elementor-section-height-default\" data-id=\"7cc1132c\" data-element_type=\"section\">\n\t\t\t\t\t\t<div class=\"elementor-container elementor-column-gap-default\">\n\t\t\t\t\t<div class=\"elementor-column elementor-col-33 elementor-inner-column elementor-element elementor-element-59c8a1e4 elementor-hidden-phone\" data-id=\"59c8a1e4\" data-element_type=\"column\">\n\t\t\t<div class=\"elementor-widget-wrap elementor-element-populated\">\n\t\t\t\t\t\t<div class=\"elementor-element elementor-element-e11e29e elementor-widget-divider--view-line elementor-widget elementor-widget-divider\" data-id=\"e11e29e\" data-element_type=\"widget\" data-widget_type=\"divider.default\">\n\t\t\t\t<div class=\"elementor-widget-container\">\n\t\t\t\t\t\t\t<div class=\"elementor-divider\">\n\t\t\t<span class=\"elementor-divider-separator\">\n\t\t\t\t\t\t<\/span>\n\t\t<\/div>\n\t\t\t\t\t\t<\/div>\n\t\t\t\t<\/div>\n\t\t\t\t\t<\/div>\n\t\t<\/div>\n\t\t\t\t<div class=\"elementor-column elementor-col-33 elementor-inner-column elementor-element elementor-element-49d85e37\" data-id=\"49d85e37\" data-element_type=\"column\">\n\t\t\t<div class=\"elementor-widget-wrap elementor-element-populated\">\n\t\t\t\t\t\t<div class=\"elementor-element elementor-element-6e66c651 elementor-widget elementor-widget-heading\" data-id=\"6e66c651\" data-element_type=\"widget\" data-widget_type=\"heading.default\">\n\t\t\t\t<div class=\"elementor-widget-container\">\n\t\t\t\t\t<h3 class=\"elementor-heading-title elementor-size-default\">Reynsla og \u00feekking<\/h3>\t\t\t\t<\/div>\n\t\t\t\t<\/div>\n\t\t\t\t\t<\/div>\n\t\t<\/div>\n\t\t\t\t<div class=\"elementor-column elementor-col-33 elementor-inner-column elementor-element elementor-element-4058b05a elementor-hidden-phone\" data-id=\"4058b05a\" data-element_type=\"column\">\n\t\t\t<div class=\"elementor-widget-wrap elementor-element-populated\">\n\t\t\t\t\t\t<div class=\"elementor-element elementor-element-60ea7b6c elementor-widget-divider--view-line elementor-widget elementor-widget-divider\" data-id=\"60ea7b6c\" data-element_type=\"widget\" data-widget_type=\"divider.default\">\n\t\t\t\t<div class=\"elementor-widget-container\">\n\t\t\t\t\t\t\t<div class=\"elementor-divider\">\n\t\t\t<span class=\"elementor-divider-separator\">\n\t\t\t\t\t\t<\/span>\n\t\t<\/div>\n\t\t\t\t\t\t<\/div>\n\t\t\t\t<\/div>\n\t\t\t\t\t<\/div>\n\t\t<\/div>\n\t\t\t\t\t<\/div>\n\t\t<\/section>\n\t\t\t\t\t<\/div>\n\t\t<\/div>\n\t\t\t\t\t<\/div>\n\t\t<\/section>\n\t\t\t\t<section class=\"elementor-section elementor-top-section elementor-element elementor-element-53baf52e elementor-section-boxed elementor-section-height-default elementor-section-height-default\" data-id=\"53baf52e\" data-element_type=\"section\" data-settings=\"{&quot;background_background&quot;:&quot;classic&quot;}\">\n\t\t\t\t\t\t<div class=\"elementor-container elementor-column-gap-default\">\n\t\t\t\t\t<div class=\"elementor-column elementor-col-100 elementor-top-column elementor-element elementor-element-63f9fe17\" data-id=\"63f9fe17\" data-element_type=\"column\" data-settings=\"{&quot;background_background&quot;:&quot;classic&quot;}\">\n\t\t\t<div class=\"elementor-widget-wrap elementor-element-populated\">\n\t\t\t\t\t\t<div class=\"elementor-element elementor-element-d8186e4 elementor-widget elementor-widget-image\" data-id=\"d8186e4\" data-element_type=\"widget\" data-widget_type=\"image.default\">\n\t\t\t\t<div class=\"elementor-widget-container\">\n\t\t\t\t\t\t\t\t\t\t\t\t\t\t\t<img decoding=\"async\" src=\"https:\/\/watermassage.webdev.is\/wp-content\/uploads\/elementor\/thumbs\/day2_099_pe-min-scaled-q7guf03uvgq0v2lr1hg8ude3axkb771a689dzo24qg.jpg\" title=\"day2_099_pe-min\" alt=\"day2_099_pe-min\" loading=\"lazy\" \/>\t\t\t\t\t\t\t\t\t\t\t\t\t\t\t<\/div>\n\t\t\t\t<\/div>\n\t\t\t\t<section class=\"elementor-section elementor-inner-section elementor-element elementor-element-3f25680d elementor-section-boxed elementor-section-height-default elementor-section-height-default\" data-id=\"3f25680d\" data-element_type=\"section\">\n\t\t\t\t\t\t<div class=\"elementor-container elementor-column-gap-default\">\n\t\t\t\t\t<div class=\"elementor-column elementor-col-50 elementor-inner-column elementor-element elementor-element-5001b005\" data-id=\"5001b005\" data-element_type=\"column\">\n\t\t\t<div class=\"elementor-widget-wrap elementor-element-populated\">\n\t\t\t\t\t\t<div class=\"elementor-element elementor-element-53426a4e elementor-invisible elementor-widget elementor-widget-text-editor\" data-id=\"53426a4e\" data-element_type=\"widget\" data-settings=\"{&quot;_animation&quot;:&quot;fadeIn&quot;}\" data-widget_type=\"text-editor.default\">\n\t\t\t\t<div class=\"elementor-widget-container\">\n\t\t\t\t\t\t\t\t\t<p>S\u00e1 sem n\u00fdtur \u00feess a\u00f0 vera \u00ed vatni og finnst hef\u00f0bundi\u00f0 nudd ekki passa e\u00f0a getur ekki legi\u00f0 \u00fe\u00e6gilega \u00e1 nuddbor\u00f0inu mun l\u00edka vatnsnuddme\u00f0fer\u00f0, sem er mun m\u00fdkri en samt mj\u00f6g \u00e1rangursr\u00edk.<\/p>\t\t\t\t\t\t\t\t<\/div>\n\t\t\t\t<\/div>\n\t\t\t\t\t<\/div>\n\t\t<\/div>\n\t\t\t\t<div class=\"elementor-column elementor-col-50 elementor-inner-column elementor-element elementor-element-4f08f68\" data-id=\"4f08f68\" data-element_type=\"column\">\n\t\t\t<div class=\"elementor-widget-wrap elementor-element-populated\">\n\t\t\t\t\t\t<div class=\"elementor-element elementor-element-4c0ee1f3 elementor-widget elementor-widget-progress\" data-id=\"4c0ee1f3\" data-element_type=\"widget\" data-widget_type=\"progress.default\">\n\t\t\t\t<div class=\"elementor-widget-container\">\n\t\t\t\t\t\n\t\t<div class=\"elementor-progress-wrapper\" role=\"progressbar\" aria-valuemin=\"0\" aria-valuemax=\"100\" aria-valuenow=\"92\" aria-valuetext=\"92% (Back\/Neck)\">\n\t\t\t<div class=\"elementor-progress-bar\" data-max=\"92\">\n\t\t\t\t<span class=\"elementor-progress-text\">Bak\/h\u00e1ls<\/span>\n\t\t\t\t\t\t\t\t\t<span class=\"elementor-progress-percentage\">92%<\/span>\n\t\t\t\t\t\t\t<\/div>\n\t\t<\/div>\n\t\t\t\t\t\t<\/div>\n\t\t\t\t<\/div>\n\t\t\t\t<div class=\"elementor-element elementor-element-274cad5e elementor-widget elementor-widget-progress\" data-id=\"274cad5e\" data-element_type=\"widget\" data-widget_type=\"progress.default\">\n\t\t\t\t<div class=\"elementor-widget-container\">\n\t\t\t\t\t\n\t\t<div class=\"elementor-progress-wrapper\" role=\"progressbar\" aria-valuemin=\"0\" aria-valuemax=\"100\" aria-valuenow=\"96\" aria-valuetext=\"96% (shoulders)\">\n\t\t\t<div class=\"elementor-progress-bar\" data-max=\"96\">\n\t\t\t\t<span class=\"elementor-progress-text\">Axlir<\/span>\n\t\t\t\t\t\t\t\t\t<span class=\"elementor-progress-percentage\">96%<\/span>\n\t\t\t\t\t\t\t<\/div>\n\t\t<\/div>\n\t\t\t\t\t\t<\/div>\n\t\t\t\t<\/div>\n\t\t\t\t<div class=\"elementor-element elementor-element-7c600d2d elementor-widget elementor-widget-progress\" data-id=\"7c600d2d\" data-element_type=\"widget\" data-widget_type=\"progress.default\">\n\t\t\t\t<div class=\"elementor-widget-container\">\n\t\t\t\t\t\n\t\t<div class=\"elementor-progress-wrapper\" role=\"progressbar\" aria-valuemin=\"0\" aria-valuemax=\"100\" aria-valuenow=\"95\" aria-valuetext=\"95% (hips\/legs)\">\n\t\t\t<div class=\"elementor-progress-bar\" data-max=\"95\">\n\t\t\t\t<span class=\"elementor-progress-text\">Mja\u00f0mir\/f\u00e6tur<\/span>\n\t\t\t\t\t\t\t\t\t<span class=\"elementor-progress-percentage\">95%<\/span>\n\t\t\t\t\t\t\t<\/div>\n\t\t<\/div>\n\t\t\t\t\t\t<\/div>\n\t\t\t\t<\/div>\n\t\t\t\t\t<\/div>\n\t\t<\/div>\n\t\t\t\t\t<\/div>\n\t\t<\/section>\n\t\t\t\t\t<\/div>\n\t\t<\/div>\n\t\t\t\t\t<\/div>\n\t\t<\/section>\n\t\t\t\t<section class=\"elementor-section elementor-top-section elementor-element elementor-element-059ea0c elementor-section-boxed elementor-section-height-default elementor-section-height-default\" data-id=\"059ea0c\" data-element_type=\"section\" data-settings=\"{&quot;background_background&quot;:&quot;classic&quot;}\">\n\t\t\t\t\t\t<div class=\"elementor-container elementor-column-gap-default\">\n\t\t\t\t\t<div class=\"elementor-column elementor-col-100 elementor-top-column elementor-element elementor-element-eeb3ef6\" data-id=\"eeb3ef6\" data-element_type=\"column\">\n\t\t\t<div class=\"elementor-widget-wrap elementor-element-populated\">\n\t\t\t\t\t\t<div class=\"elementor-element elementor-element-da18d86 elementor-invisible elementor-widget elementor-widget-heading\" data-id=\"da18d86\" data-element_type=\"widget\" data-settings=\"{&quot;_animation&quot;:&quot;fadeInDown&quot;}\" data-widget_type=\"heading.default\">\n\t\t\t\t<div class=\"elementor-widget-container\">\n\t\t\t\t\t<h6 class=\"elementor-heading-title elementor-size-default\">Sagan<\/h6>\t\t\t\t<\/div>\n\t\t\t\t<\/div>\n\t\t\t\t<section class=\"elementor-section elementor-inner-section elementor-element elementor-element-2885783 elementor-section-boxed elementor-section-height-default elementor-section-height-default\" data-id=\"2885783\" data-element_type=\"section\">\n\t\t\t\t\t\t<div class=\"elementor-container elementor-column-gap-default\">\n\t\t\t\t\t<div class=\"elementor-column elementor-col-33 elementor-inner-column elementor-element elementor-element-bfb5069 elementor-hidden-phone\" data-id=\"bfb5069\" data-element_type=\"column\">\n\t\t\t<div class=\"elementor-widget-wrap elementor-element-populated\">\n\t\t\t\t\t\t<div class=\"elementor-element elementor-element-a6685a6 elementor-widget-divider--view-line elementor-widget elementor-widget-divider\" data-id=\"a6685a6\" data-element_type=\"widget\" data-widget_type=\"divider.default\">\n\t\t\t\t<div class=\"elementor-widget-container\">\n\t\t\t\t\t\t\t<div class=\"elementor-divider\">\n\t\t\t<span class=\"elementor-divider-separator\">\n\t\t\t\t\t\t<\/span>\n\t\t<\/div>\n\t\t\t\t\t\t<\/div>\n\t\t\t\t<\/div>\n\t\t\t\t\t<\/div>\n\t\t<\/div>\n\t\t\t\t<div class=\"elementor-column elementor-col-33 elementor-inner-column elementor-element elementor-element-2382647\" data-id=\"2382647\" data-element_type=\"column\">\n\t\t\t<div class=\"elementor-widget-wrap elementor-element-populated\">\n\t\t\t\t\t\t<div class=\"elementor-element elementor-element-535151a elementor-widget elementor-widget-heading\" data-id=\"535151a\" data-element_type=\"widget\" data-widget_type=\"heading.default\">\n\t\t\t\t<div class=\"elementor-widget-container\">\n\t\t\t\t\t<h3 class=\"elementor-heading-title elementor-size-default\">\u00der\u00f3un vatnsnuddme\u00f0fer\u00f0ar<\/h3>\t\t\t\t<\/div>\n\t\t\t\t<\/div>\n\t\t\t\t\t<\/div>\n\t\t<\/div>\n\t\t\t\t<div class=\"elementor-column elementor-col-33 elementor-inner-column elementor-element elementor-element-adfa17b elementor-hidden-phone\" data-id=\"adfa17b\" data-element_type=\"column\">\n\t\t\t<div class=\"elementor-widget-wrap elementor-element-populated\">\n\t\t\t\t\t\t<div class=\"elementor-element elementor-element-a51196b elementor-widget-divider--view-line elementor-widget elementor-widget-divider\" data-id=\"a51196b\" data-element_type=\"widget\" data-widget_type=\"divider.default\">\n\t\t\t\t<div class=\"elementor-widget-container\">\n\t\t\t\t\t\t\t<div class=\"elementor-divider\">\n\t\t\t<span class=\"elementor-divider-separator\">\n\t\t\t\t\t\t<\/span>\n\t\t<\/div>\n\t\t\t\t\t\t<\/div>\n\t\t\t\t<\/div>\n\t\t\t\t\t<\/div>\n\t\t<\/div>\n\t\t\t\t\t<\/div>\n\t\t<\/section>\n\t\t\t\t\t<\/div>\n\t\t<\/div>\n\t\t\t\t\t<\/div>\n\t\t<\/section>\n\t\t\t\t<section class=\"elementor-section elementor-top-section elementor-element elementor-element-fcf3238 elementor-section-boxed elementor-section-height-default elementor-section-height-default\" data-id=\"fcf3238\" data-element_type=\"section\" data-settings=\"{&quot;background_background&quot;:&quot;classic&quot;}\">\n\t\t\t\t\t\t<div class=\"elementor-container elementor-column-gap-default\">\n\t\t\t\t\t<div class=\"elementor-column elementor-col-100 elementor-top-column elementor-element elementor-element-b73d9cd\" data-id=\"b73d9cd\" data-element_type=\"column\">\n\t\t\t<div class=\"elementor-widget-wrap elementor-element-populated\">\n\t\t\t\t\t\t<div class=\"elementor-element elementor-element-bd49485 elementor-widget elementor-widget-text-editor\" data-id=\"bd49485\" data-element_type=\"widget\" data-widget_type=\"text-editor.default\">\n\t\t\t\t<div class=\"elementor-widget-container\">\n\t\t\t\t\t\t\t\t\t<p>Eftir a\u00f0 hafa unni\u00f0 \u00ed yfir 20 \u00e1r sem sj\u00fakra\u00fej\u00e1lfari \u00ed Ontario \u00ed Kanada f\u00f3r Claudia Salzmann a\u00f0 huga a\u00f0 \u00fev\u00ed a\u00f0 f\u00e6ra \u00fat kv\u00edarnar. H\u00fan kynntist Watsu\/Jahara \u00e1 fer\u00f0 um Bandar\u00edkin.<\/p><p>H\u00fan naut \u00feess a\u00f0 vinna \u00ed vatni og \u00e1leit a\u00f0 h\u00fan g\u00e6ti innleitt vatnsnuddme\u00f0er\u00f0 \u00ed me\u00f0fer\u00f0arlegum tilgangi.<\/p><p>College of Massage Therapists (CMTO) hefur s\u00ed\u00f0an \u00e1ri\u00f0 199 vi\u00f0urkennt vatnsnuddme\u00f0fer\u00f0 sem fullgilda me\u00f0fer\u00f0.<\/p>\t\t\t\t\t\t\t\t<\/div>\n\t\t\t\t<\/div>\n\t\t\t\t\t<\/div>\n\t\t<\/div>\n\t\t\t\t\t<\/div>\n\t\t<\/section>\n\t\t\t\t<section class=\"elementor-section elementor-top-section elementor-element elementor-element-45c76a1 elementor-section-boxed elementor-section-height-default elementor-section-height-default\" data-id=\"45c76a1\" data-element_type=\"section\">\n\t\t\t\t\t\t<div class=\"elementor-container elementor-column-gap-default\">\n\t\t\t\t\t<div class=\"elementor-column elementor-col-100 elementor-top-column elementor-element elementor-element-3de09f7\" data-id=\"3de09f7\" data-element_type=\"column\">\n\t\t\t<div class=\"elementor-widget-wrap elementor-element-populated\">\n\t\t\t\t\t\t<div class=\"elementor-element elementor-element-381b6a1 elementor-invisible elementor-widget elementor-widget-heading\" data-id=\"381b6a1\" data-element_type=\"widget\" data-settings=\"{&quot;_animation&quot;:&quot;fadeInDown&quot;}\" data-widget_type=\"heading.default\">\n\t\t\t\t<div class=\"elementor-widget-container\">\n\t\t\t\t\t<h6 class=\"elementor-heading-title elementor-size-default\">About<\/h6>\t\t\t\t<\/div>\n\t\t\t\t<\/div>\n\t\t\t\t<section class=\"elementor-section elementor-inner-section elementor-element elementor-element-50a68a2 elementor-section-boxed elementor-section-height-default elementor-section-height-default\" data-id=\"50a68a2\" data-element_type=\"section\">\n\t\t\t\t\t\t<div class=\"elementor-container elementor-column-gap-default\">\n\t\t\t\t\t<div class=\"elementor-column elementor-col-33 elementor-inner-column elementor-element elementor-element-4d52fb3 elementor-hidden-phone\" data-id=\"4d52fb3\" data-element_type=\"column\">\n\t\t\t<div class=\"elementor-widget-wrap elementor-element-populated\">\n\t\t\t\t\t\t<div class=\"elementor-element elementor-element-3e7ff44 elementor-widget-divider--view-line elementor-widget elementor-widget-divider\" data-id=\"3e7ff44\" data-element_type=\"widget\" data-widget_type=\"divider.default\">\n\t\t\t\t<div class=\"elementor-widget-container\">\n\t\t\t\t\t\t\t<div class=\"elementor-divider\">\n\t\t\t<span class=\"elementor-divider-separator\">\n\t\t\t\t\t\t<\/span>\n\t\t<\/div>\n\t\t\t\t\t\t<\/div>\n\t\t\t\t<\/div>\n\t\t\t\t\t<\/div>\n\t\t<\/div>\n\t\t\t\t<div class=\"elementor-column elementor-col-33 elementor-inner-column elementor-element elementor-element-f5368b0\" data-id=\"f5368b0\" data-element_type=\"column\">\n\t\t\t<div class=\"elementor-widget-wrap elementor-element-populated\">\n\t\t\t\t\t\t<div class=\"elementor-element elementor-element-6095495 elementor-widget elementor-widget-heading\" data-id=\"6095495\" data-element_type=\"widget\" data-widget_type=\"heading.default\">\n\t\t\t\t<div class=\"elementor-widget-container\">\n\t\t\t\t\t<h3 class=\"elementor-heading-title elementor-size-default\">Elsa L\u00e1ra Arnard\u00f3ttir<\/h3>\t\t\t\t<\/div>\n\t\t\t\t<\/div>\n\t\t\t\t\t<\/div>\n\t\t<\/div>\n\t\t\t\t<div class=\"elementor-column elementor-col-33 elementor-inner-column elementor-element elementor-element-341cab4 elementor-hidden-phone\" data-id=\"341cab4\" data-element_type=\"column\">\n\t\t\t<div class=\"elementor-widget-wrap elementor-element-populated\">\n\t\t\t\t\t\t<div class=\"elementor-element elementor-element-40b43a2 elementor-widget-divider--view-line elementor-widget elementor-widget-divider\" data-id=\"40b43a2\" data-element_type=\"widget\" data-widget_type=\"divider.default\">\n\t\t\t\t<div class=\"elementor-widget-container\">\n\t\t\t\t\t\t\t<div class=\"elementor-divider\">\n\t\t\t<span class=\"elementor-divider-separator\">\n\t\t\t\t\t\t<\/span>\n\t\t<\/div>\n\t\t\t\t\t\t<\/div>\n\t\t\t\t<\/div>\n\t\t\t\t\t<\/div>\n\t\t<\/div>\n\t\t\t\t\t<\/div>\n\t\t<\/section>\n\t\t\t\t\t<\/div>\n\t\t<\/div>\n\t\t\t\t\t<\/div>\n\t\t<\/section>\n\t\t\t\t<section class=\"elementor-section elementor-top-section elementor-element elementor-element-5ae956c elementor-section-boxed elementor-section-height-default elementor-section-height-default\" data-id=\"5ae956c\" data-element_type=\"section\">\n\t\t\t\t\t\t<div class=\"elementor-container elementor-column-gap-default\">\n\t\t\t\t\t<div class=\"elementor-column elementor-col-100 elementor-top-column elementor-element elementor-element-b78bed2\" data-id=\"b78bed2\" data-element_type=\"column\">\n\t\t\t<div class=\"elementor-widget-wrap elementor-element-populated\">\n\t\t\t\t\t\t<div class=\"elementor-element elementor-element-238c50b elementor-widget elementor-widget-text-editor\" data-id=\"238c50b\" data-element_type=\"widget\" data-widget_type=\"text-editor.default\">\n\t\t\t\t<div class=\"elementor-widget-container\">\n\t\t\t\t\t\t\t\t\t<p style=\"font-weight: 400;\">Elsa L\u00e1ra Arnard\u00f3ttir graduated from the Canadian College of Massage &amp; Hydrotherapy in June 2000.<\/p><p style=\"font-weight: 400;\">During her studying in Canada, she took these courses: Myofascia release, In-water treatment, Pregnancy massage, Labour support and Infant massage, Sport massage and Joint play.<\/p><p style=\"font-weight: 400;\">Other courses after graduation: Aquatic Massage Therapy, Rebozo massage, Doula, LaStone Therapy.<\/p><p style=\"font-weight: 400;\">Since 2000 Elsa L\u00e1ra has worked in private clinics, also at her own. Then she worked at the Blue Lagoon from 2002 until 2017. During her time at the Blue Lagoon, she offered Aquatic Massage Therapy for psoriasis patients at the clinic in Blue Lagoon for 10 years. Patients with psoriasis were the clinic&#8217;s one focus. \u00a0<\/p><p style=\"font-weight: 400;\">In the fall 2011 she published her book: Massage for your baby (Nudd fyrir barni\u00f0 \u00feitt). Elsa L\u00e1ra has held infant massage courses through the years, private and for groups. In the book you will find beautiful pictures all from her own kids, who have all gotten their massage from birth. \u00a0<\/p><p style=\"font-weight: 400;\">Elsa L\u00e1ra has been a member of the board of the Massage Therapy Ass of Iceland since 2002, and as chairman for 10 years (until 2016).<\/p><p style=\"font-weight: 400;\">Now she is working in H\u00e6fi endurh\u00e6fingarst\u00f6\u00f0, Egilsh\u00f6ll, Reykjav\u00edk and part time in Heilsustofnun NLF\u00cd in Hverager\u00f0i.\u00a0<\/p>\t\t\t\t\t\t\t\t<\/div>\n\t\t\t\t<\/div>\n\t\t\t\t\t<\/div>\n\t\t<\/div>\n\t\t\t\t\t<\/div>\n\t\t<\/section>\n\t\t\t\t<\/div>","protected":false},"excerpt":{"rendered":"<p>many years ofexperience Why Choose Us OUR EXPERIENCES Anyone who enjoys being in the water and who might otherwise find massage too vigorous or is unable to lie comfortably on the massage table will find Aquatic Massage Therapy gentle yet very effective. Back\/Neck 92% shoulders 96% hips\/legs 95% History Development of Aquatic massage therapy After [&hellip;]<\/p>","protected":false},"author":1,"featured_media":0,"parent":0,"menu_order":0,"comment_status":"closed","ping_status":"closed","template":"elementor_header_footer","meta":{"footnotes":""},"class_list":["post-11","page","type-page","status-publish","hentry"],"_links":{"self":[{"href":"https:\/\/watermassage.webdev.is\/is\/wp-json\/wp\/v2\/pages\/11","targetHints":{"allow":["GET"]}}],"collection":[{"href":"https:\/\/watermassage.webdev.is\/is\/wp-json\/wp\/v2\/pages"}],"about":[{"href":"https:\/\/watermassage.webdev.is\/is\/wp-json\/wp\/v2\/types\/page"}],"author":[{"embeddable":true,"href":"https:\/\/watermassage.webdev.is\/is\/wp-json\/wp\/v2\/users\/1"}],"replies":[{"embeddable":true,"href":"https:\/\/watermassage.webdev.is\/is\/wp-json\/wp\/v2\/comments?post=11"}],"version-history":[{"count":70,"href":"https:\/\/watermassage.webdev.is\/is\/wp-json\/wp\/v2\/pages\/11\/revisions"}],"predecessor-version":[{"id":700,"href":"https:\/\/watermassage.webdev.is\/is\/wp-json\/wp\/v2\/pages\/11\/revisions\/700"}],"wp:attachment":[{"href":"https:\/\/watermassage.webdev.is\/is\/wp-json\/wp\/v2\/media?parent=11"}],"curies":[{"name":"wp","href":"https:\/\/api.w.org\/{rel}","templated":true}]}}